{"id":38977,"date":"2025-07-17T18:09:31","date_gmt":"2025-07-17T21:09:31","guid":{"rendered":"https:\/\/greensportsnews.com\/?page_id=38977"},"modified":"2025-08-06T00:32:38","modified_gmt":"2025-08-06T03:32:38","slug":"politique-de-confidentialite","status":"publish","type":"page","link":"https:\/\/greensportsnews.com\/fr\/politique-de-confidentialite\/","title":{"rendered":"Politique de confidentialit\u00e9"},"content":{"rendered":"\n<p>POLITIQUE DE CONFIDENTIALIT\u00c9<\/p>\n\n\n\n<p>Cette Politique de confidentialit\u00e9 d\u00e9finit les conditions d&rsquo;utilisation et de protection des informations fournies par les utilisateurs de son site web par Green Sports News. Cette entreprise s&rsquo;engage \u00e0 garantir la s\u00e9curit\u00e9 des donn\u00e9es de ses utilisateurs. Lorsque nous vous demandons de remplir les champs d&rsquo;informations personnelles permettant de vous identifier, nous garantissons que ces informations seront utilis\u00e9es conform\u00e9ment aux conditions du pr\u00e9sent document. Cependant, cette Politique de confidentialit\u00e9 est susceptible d&rsquo;\u00eatre modifi\u00e9e ou mise \u00e0 jour. Nous vous recommandons donc de consulter r\u00e9guli\u00e8rement cette page afin de vous assurer que vous acceptez ces modifications.<\/p>\n\n\n\n<p>Informations collect\u00e9es<\/p>\n\n\n\n<p>Notre site web peut collecter des informations personnelles telles que votre nom, vos coordonn\u00e9es (adresse e-mail, etc.) et des informations d\u00e9mographiques. De m\u00eame, si n\u00e9cessaire, des informations sp\u00e9cifiques peuvent \u00eatre requises pour traiter une commande, effectuer une livraison ou une facturation.<\/p>\n\n\n\n<p>Utilisation des informations collect\u00e9es<\/p>\n\n\n\n<p>Notre site web utilise ces informations afin de vous offrir le meilleur service possible, notamment pour tenir un registre des utilisateurs, des commandes le cas \u00e9ch\u00e9ant, et pour am\u00e9liorer nos produits et services. Il est possible que nous vous envoyions r\u00e9guli\u00e8rement des e-mails sur notre site, contenant des offres sp\u00e9ciales, des nouveaut\u00e9s et d&rsquo;autres informations publicitaires que nous jugeons pertinentes ou susceptibles de vous \u00eatre utiles. Ces e-mails seront envoy\u00e9s \u00e0 l&rsquo;adresse que vous avez fournie et peuvent \u00eatre annul\u00e9s \u00e0 tout moment.<\/p>\n\n\n\n<p>Green Sports News s&rsquo;engage \u00e0 prot\u00e9ger vos informations. Nous utilisons les syst\u00e8mes les plus avanc\u00e9s et les mettons constamment \u00e0 jour pour garantir l&rsquo;absence d&rsquo;acc\u00e8s non autoris\u00e9.<\/p>\n\n\n\n<p>Cookies<\/p>\n\n\n\n<p>Un cookie est un fichier envoy\u00e9 pour demander l&rsquo;autorisation d&rsquo;\u00eatre stock\u00e9 sur votre ordinateur. En acceptant ce fichier, il est cr\u00e9\u00e9 et permet de recueillir des informations sur le trafic web et de faciliter les visites ult\u00e9rieures. Les cookies permettent \u00e9galement au site web de vous reconna\u00eetre individuellement et de vous offrir un service personnalis\u00e9 optimal.<\/p>\n\n\n\n<p>Notre site web utilise des cookies pour identifier les pages visit\u00e9es et leur fr\u00e9quence. Ces informations sont utilis\u00e9es uniquement \u00e0 des fins d&rsquo;analyse statistique, puis supprim\u00e9es d\u00e9finitivement. Vous pouvez supprimer les cookies de votre ordinateur \u00e0 tout moment. Cependant, les cookies contribuent \u00e0 am\u00e9liorer le service sur les sites web. Vous ne donnez pas acc\u00e8s aux informations de votre ordinateur ou de vous-m\u00eame, sauf si vous le souhaitez et les fournissez directement. Vous pouvez accepter ou refuser l&rsquo;utilisation de cookies. Cependant, la plupart des navigateurs acceptent automatiquement les cookies, car cela permet d&rsquo;am\u00e9liorer le service web. Vous pouvez \u00e9galement modifier les param\u00e8tres de votre ordinateur pour refuser les cookies. Si vous les refusez, vous risquez de ne pas pouvoir utiliser certains de nos services.<\/p>\n\n\n\n<p>Liens vers des sites tiers<\/p>\n\n\n\n<p>Ce site web peut contenir des liens vers d&rsquo;autres sites susceptibles de vous int\u00e9resser. Une fois que vous avez cliqu\u00e9 sur ces liens et quitt\u00e9 notre page, nous n&rsquo;avons plus aucun contr\u00f4le sur le site vers lequel vous \u00eates redirig\u00e9 et, par cons\u00e9quent, nous ne sommes pas responsables des conditions d&rsquo;utilisation, de la confidentialit\u00e9 ou de la protection de vos donn\u00e9es sur ces sites tiers. Ces sites sont soumis \u00e0 leurs propres politiques de confidentialit\u00e9&nbsp;; il est donc recommand\u00e9 de les consulter pour confirmer que vous les acceptez.<\/p>\n\n\n\n<p>Contr\u00f4le de vos informations personnelles<\/p>\n\n\n\n<p>Vous pouvez \u00e0 tout moment restreindre la collecte ou l&rsquo;utilisation des informations personnelles fournies sur notre site web. \u00c0 chaque fois que vous \u00eates invit\u00e9 \u00e0 remplir un formulaire, comme pour l&rsquo;inscription, vous pouvez cocher ou d\u00e9cocher l&rsquo;option de r\u00e9ception d&rsquo;informations par e-mail. Si vous avez coch\u00e9 l&rsquo;option de recevoir notre newsletter ou nos publicit\u00e9s, vous pouvez vous d\u00e9sinscrire \u00e0 tout moment.<\/p>\n\n\n\n<p>Cette soci\u00e9t\u00e9 ne vendra, ne transf\u00e9rera ni ne distribuera les informations personnelles collect\u00e9es sans votre consentement, sauf sur d\u00e9cision de justice.<\/p>\n\n\n\n<p>Green Sports News se r\u00e9serve le droit de modifier les termes de cette politique de confidentialit\u00e9 \u00e0 tout moment.<\/p>\n","protected":false},"excerpt":{"rendered":"<p>POLITIQUE DE CONFIDENTIALIT\u00c9 Cette Politique de confidentialit\u00e9 d\u00e9finit les conditions d&rsquo;utilisation et de protection des informations fournies par les utilisateurs de son site web par Green Sports News. Cette entreprise s&rsquo;engage \u00e0 garantir la s\u00e9curit\u00e9 des donn\u00e9es de ses utilisateurs. Lorsque nous vous demandons de remplir les champs d&rsquo;informations personnelles permettant de vous identifier, nous [&hellip;]<\/p>\n","protected":false},"author":1,"featured_media":0,"parent":0,"menu_order":0,"comment_status":"closed","ping_status":"closed","template":"","meta":{"jnews_page_loop":{"enable_page_loop":"0","first_title":"Latest Post","second_title":"","header_type":"heading_6","header_background":"","header_text_color":"","layout":"right-sidebar","sidebar":"default-sidebar","second_sidebar":"default-sidebar","sticky_sidebar":"1","module":"3","boxed":"0","boxed_shadow":"0","box_shadow":"0","excerpt_length":"20","content_date":"default","date_custom":"Y\/m\/d","content_pagination":"nav_1","pagination_align":"center","show_navtext":"0","show_pageinfo":"0","post_offset":"0","posts_per_page":"5","include_post":"","exclude_post":"","include_category":"","exclude_category":"","include_author":"","include_tag":"","exclude_tag":"","sort_by":"latest"},"jnews_single_page":{"layout":"no-sidebar","sidebar":"default-sidebar","second_sidebar":"default-sidebar","sticky_sidebar":"1","show_post_featured":"1","show_post_meta":"0","share_position":"top","share_color":"share-monocrhome"},"footnotes":""},"class_list":["post-38977","page","type-page","status-publish","hentry"],"yoast_head":"<!-- This site is optimized with the Yoast SEO Premium plugin v22.7 (Yoast SEO v26.3) - https:\/\/yoast.com\/wordpress\/plugins\/seo\/ -->\n<title>Politique de confidentialit\u00e9 - Green Sports News<\/title>\n<meta name=\"robots\" content=\"index, follow, max-snippet:-1, max-image-preview:large, max-video-preview:-1\" \/>\n<link rel=\"canonical\" href=\"https:\/\/greensportsnews.com\/fr\/politique-de-confidentialite\/\" \/>\n<meta property=\"og:locale\" content=\"fr_FR\" \/>\n<meta property=\"og:type\" content=\"article\" \/>\n<meta property=\"og:title\" content=\"Politique de confidentialit\u00e9\" \/>\n<meta property=\"og:description\" content=\"POLITIQUE DE CONFIDENTIALIT\u00c9 Cette Politique de confidentialit\u00e9 d\u00e9finit les conditions d&rsquo;utilisation et de protection des informations fournies par les utilisateurs de son site web par Green Sports News. Cette entreprise s&rsquo;engage \u00e0 garantir la s\u00e9curit\u00e9 des donn\u00e9es de ses utilisateurs. Lorsque nous vous demandons de remplir les champs d&rsquo;informations personnelles permettant de vous identifier, nous [&hellip;]\" \/>\n<meta property=\"og:url\" content=\"https:\/\/greensportsnews.com\/fr\/politique-de-confidentialite\/\" \/>\n<meta property=\"og:site_name\" content=\"Green Sports News\" \/>\n<meta property=\"article:publisher\" content=\"https:\/\/www.facebook.com\/greensportsnews\" \/>\n<meta property=\"article:modified_time\" content=\"2025-08-06T03:32:38+00:00\" \/>\n<meta name=\"twitter:card\" content=\"summary_large_image\" \/>\n<meta name=\"twitter:site\" content=\"@Greenracingnews\" \/>\n<meta name=\"twitter:label1\" content=\"Dur\u00e9e de lecture estim\u00e9e\" \/>\n\t<meta name=\"twitter:data1\" content=\"3 minutes\" \/>\n<script type=\"application\/ld+json\" class=\"yoast-schema-graph\">{\"@context\":\"https:\/\/schema.org\",\"@graph\":[{\"@type\":\"WebPage\",\"@id\":\"https:\/\/greensportsnews.com\/fr\/politique-de-confidentialite\/\",\"url\":\"https:\/\/greensportsnews.com\/fr\/politique-de-confidentialite\/\",\"name\":\"Politique de confidentialit\u00e9 - Green Sports News\",\"isPartOf\":{\"@id\":\"https:\/\/greensportsnews.com\/fr\/#website\"},\"datePublished\":\"2025-07-17T21:09:31+00:00\",\"dateModified\":\"2025-08-06T03:32:38+00:00\",\"breadcrumb\":{\"@id\":\"https:\/\/greensportsnews.com\/fr\/politique-de-confidentialite\/#breadcrumb\"},\"inLanguage\":\"fr-FR\",\"potentialAction\":[{\"@type\":\"ReadAction\",\"target\":[\"https:\/\/greensportsnews.com\/fr\/politique-de-confidentialite\/\"]}]},{\"@type\":\"BreadcrumbList\",\"@id\":\"https:\/\/greensportsnews.com\/fr\/politique-de-confidentialite\/#breadcrumb\",\"itemListElement\":[{\"@type\":\"ListItem\",\"position\":1,\"name\":\"Home\",\"item\":\"https:\/\/greensportsnews.com\/fr\/\"},{\"@type\":\"ListItem\",\"position\":2,\"name\":\"Politique de confidentialit\u00e9\"}]},{\"@type\":\"WebSite\",\"@id\":\"https:\/\/greensportsnews.com\/fr\/#website\",\"url\":\"https:\/\/greensportsnews.com\/fr\/\",\"name\":\"Green Sports News\",\"description\":\"Sustainable Sports community &amp; news\",\"publisher\":{\"@id\":\"https:\/\/greensportsnews.com\/fr\/#organization\"},\"alternateName\":\"GSN\",\"potentialAction\":[{\"@type\":\"SearchAction\",\"target\":{\"@type\":\"EntryPoint\",\"urlTemplate\":\"https:\/\/greensportsnews.com\/fr\/?s={search_term_string}\"},\"query-input\":{\"@type\":\"PropertyValueSpecification\",\"valueRequired\":true,\"valueName\":\"search_term_string\"}}],\"inLanguage\":\"fr-FR\"},{\"@type\":\"Organization\",\"@id\":\"https:\/\/greensportsnews.com\/fr\/#organization\",\"name\":\"Green Racing News\",\"url\":\"https:\/\/greensportsnews.com\/fr\/\",\"logo\":{\"@type\":\"ImageObject\",\"inLanguage\":\"fr-FR\",\"@id\":\"https:\/\/greensportsnews.com\/fr\/#\/schema\/logo\/image\/\",\"url\":\"https:\/\/greensportsnews.com\/wp-content\/uploads\/2020\/12\/logo.png\",\"contentUrl\":\"https:\/\/greensportsnews.com\/wp-content\/uploads\/2020\/12\/logo.png\",\"width\":328,\"height\":96,\"caption\":\"Green Racing News\"},\"image\":{\"@id\":\"https:\/\/greensportsnews.com\/fr\/#\/schema\/logo\/image\/\"},\"sameAs\":[\"https:\/\/www.facebook.com\/greensportsnews\",\"https:\/\/x.com\/Greenracingnews\",\"https:\/\/www.instagram.com\/greensportsnews\/\",\"https:\/\/www.linkedin.com\/company\/greensportsnews\",\"https:\/\/www.youtube.com\/@greensportsnews\"]}]}<\/script>\n<!-- \/ Yoast SEO Premium plugin. -->","yoast_head_json":{"title":"Politique de confidentialit\u00e9 - Green Sports News","robots":{"index":"index","follow":"follow","max-snippet":"max-snippet:-1","max-image-preview":"max-image-preview:large","max-video-preview":"max-video-preview:-1"},"canonical":"https:\/\/greensportsnews.com\/fr\/politique-de-confidentialite\/","og_locale":"fr_FR","og_type":"article","og_title":"Politique de confidentialit\u00e9","og_description":"POLITIQUE DE CONFIDENTIALIT\u00c9 Cette Politique de confidentialit\u00e9 d\u00e9finit les conditions d&rsquo;utilisation et de protection des informations fournies par les utilisateurs de son site web par Green Sports News. Cette entreprise s&rsquo;engage \u00e0 garantir la s\u00e9curit\u00e9 des donn\u00e9es de ses utilisateurs. Lorsque nous vous demandons de remplir les champs d&rsquo;informations personnelles permettant de vous identifier, nous [&hellip;]","og_url":"https:\/\/greensportsnews.com\/fr\/politique-de-confidentialite\/","og_site_name":"Green Sports News","article_publisher":"https:\/\/www.facebook.com\/greensportsnews","article_modified_time":"2025-08-06T03:32:38+00:00","twitter_card":"summary_large_image","twitter_site":"@Greenracingnews","twitter_misc":{"Dur\u00e9e de lecture estim\u00e9e":"3 minutes"},"schema":{"@context":"https:\/\/schema.org","@graph":[{"@type":"WebPage","@id":"https:\/\/greensportsnews.com\/fr\/politique-de-confidentialite\/","url":"https:\/\/greensportsnews.com\/fr\/politique-de-confidentialite\/","name":"Politique de confidentialit\u00e9 - Green Sports News","isPartOf":{"@id":"https:\/\/greensportsnews.com\/fr\/#website"},"datePublished":"2025-07-17T21:09:31+00:00","dateModified":"2025-08-06T03:32:38+00:00","breadcrumb":{"@id":"https:\/\/greensportsnews.com\/fr\/politique-de-confidentialite\/#breadcrumb"},"inLanguage":"fr-FR","potentialAction":[{"@type":"ReadAction","target":["https:\/\/greensportsnews.com\/fr\/politique-de-confidentialite\/"]}]},{"@type":"BreadcrumbList","@id":"https:\/\/greensportsnews.com\/fr\/politique-de-confidentialite\/#breadcrumb","itemListElement":[{"@type":"ListItem","position":1,"name":"Home","item":"https:\/\/greensportsnews.com\/fr\/"},{"@type":"ListItem","position":2,"name":"Politique de confidentialit\u00e9"}]},{"@type":"WebSite","@id":"https:\/\/greensportsnews.com\/fr\/#website","url":"https:\/\/greensportsnews.com\/fr\/","name":"Green Sports News","description":"Sustainable Sports community &amp; news","publisher":{"@id":"https:\/\/greensportsnews.com\/fr\/#organization"},"alternateName":"GSN","potentialAction":[{"@type":"SearchAction","target":{"@type":"EntryPoint","urlTemplate":"https:\/\/greensportsnews.com\/fr\/?s={search_term_string}"},"query-input":{"@type":"PropertyValueSpecification","valueRequired":true,"valueName":"search_term_string"}}],"inLanguage":"fr-FR"},{"@type":"Organization","@id":"https:\/\/greensportsnews.com\/fr\/#organization","name":"Green Racing News","url":"https:\/\/greensportsnews.com\/fr\/","logo":{"@type":"ImageObject","inLanguage":"fr-FR","@id":"https:\/\/greensportsnews.com\/fr\/#\/schema\/logo\/image\/","url":"https:\/\/greensportsnews.com\/wp-content\/uploads\/2020\/12\/logo.png","contentUrl":"https:\/\/greensportsnews.com\/wp-content\/uploads\/2020\/12\/logo.png","width":328,"height":96,"caption":"Green Racing News"},"image":{"@id":"https:\/\/greensportsnews.com\/fr\/#\/schema\/logo\/image\/"},"sameAs":["https:\/\/www.facebook.com\/greensportsnews","https:\/\/x.com\/Greenracingnews","https:\/\/www.instagram.com\/greensportsnews\/","https:\/\/www.linkedin.com\/company\/greensportsnews","https:\/\/www.youtube.com\/@greensportsnews"]}]}},"_links":{"self":[{"href":"https:\/\/greensportsnews.com\/fr\/wp-json\/wp\/v2\/pages\/38977","targetHints":{"allow":["GET"]}}],"collection":[{"href":"https:\/\/greensportsnews.com\/fr\/wp-json\/wp\/v2\/pages"}],"about":[{"href":"https:\/\/greensportsnews.com\/fr\/wp-json\/wp\/v2\/types\/page"}],"author":[{"embeddable":true,"href":"https:\/\/greensportsnews.com\/fr\/wp-json\/wp\/v2\/users\/1"}],"replies":[{"embeddable":true,"href":"https:\/\/greensportsnews.com\/fr\/wp-json\/wp\/v2\/comments?post=38977"}],"version-history":[{"count":2,"href":"https:\/\/greensportsnews.com\/fr\/wp-json\/wp\/v2\/pages\/38977\/revisions"}],"predecessor-version":[{"id":39029,"href":"https:\/\/greensportsnews.com\/fr\/wp-json\/wp\/v2\/pages\/38977\/revisions\/39029"}],"wp:attachment":[{"href":"https:\/\/greensportsnews.com\/fr\/wp-json\/wp\/v2\/media?parent=38977"}],"curies":[{"name":"wp","href":"https:\/\/api.w.org\/{rel}","templated":true}]}}